{"id":1033,"date":"2020-02-10T18:34:55","date_gmt":"2020-02-10T17:34:55","guid":{"rendered":"https:\/\/ooolala.fr\/mentions-legales\/"},"modified":"2020-02-20T12:44:54","modified_gmt":"2020-02-20T11:44:54","slug":"legal-notice","status":"publish","type":"page","link":"https:\/\/ooolala.fr\/en\/legal-notice\/","title":{"rendered":"Legal notice"},"content":{"rendered":"[vc_row type=&#8221;full_width_background&#8221; full_screen_row_position=&#8221;middle&#8221; column_margin=&#8221;default&#8221; bg_color=&#8221;#17faba&#8221; scene_position=&#8221;center&#8221; text_color=&#8221;dark&#8221; text_align=&#8221;left&#8221; overlay_strength=&#8221;0.3&#8243; shape_divider_position=&#8221;bottom&#8221; bg_image_animation=&#8221;none&#8221; exclude_row_header_color_inherit=&#8221;true&#8221; thb_divider_position=&#8221;bottom&#8221; css=&#8221;.vc_custom_1581338399741{padding-top: 10vh !important;}&#8221; shape_type=&#8221;&#8221;][vc_column column_padding=&#8221;no-extra-padding&#8221; column_padding_position=&#8221;all&#8221; background_color_opacity=&#8221;1&#8243; background_hover_color_opacity=&#8221;1&#8243; font_color=&#8221;#001f3d&#8221; column_link_target=&#8221;_self&#8221; column_shadow=&#8221;none&#8221; column_border_radius=&#8221;none&#8221; width=&#8221;1\/1&#8243; tablet_width_inherit=&#8221;default&#8221; tablet_text_alignment=&#8221;default&#8221; phone_text_alignment=&#8221;default&#8221; overlay_strength=&#8221;0.3&#8243; column_border_width=&#8221;none&#8221; column_border_style=&#8221;solid&#8221; bg_image_animation=&#8221;none&#8221;][vc_column_text]Le site est \u00e9dit\u00e9 par la soci\u00e9t\u00e9 <strong>Ooolala<\/strong>.<\/p>\n<p><strong>E-mail :<\/strong> hellooo@ooolala.fr<\/p>\n<p><strong>Directeur de publication :<\/strong> Jean Baptiste Wery<\/p>\n<p><strong>H\u00e9bergement\u00a0:\u00a0<\/strong><a href=\"https:\/\/www.ovh.com\/fr\/\">OVH<\/a><\/p>\n<p><strong>Donn\u00e9es personnelles :\u00a0<\/strong>Conform\u00e9ment \u00e0 la loi \u00ab Informatique et libert\u00e9s \u00bb du 6 janvier 1978 modifi\u00e9e le 20 juin 2018 et au R\u00e8glement (UE) n\u00b0 2016\/679 du 27 avril 2016 sur la protection des donn\u00e9es, les internautes b\u00e9n\u00e9ficient d\u2019un droit d\u2019acc\u00e8s, de rectification de leurs donn\u00e9es, d\u2019un droit d\u2019opposition et de limitation \u00e0 un traitement, d\u2019un droit \u00e0 l\u2019oubli et \u00e0 la portabilit\u00e9 des informations qui les concernent. Chaque internaute peut exercer ces droits en nous \u00e9crivant.<\/p>\n<p><strong>Liens :\u00a0<\/strong>Le Site peut contenir des liens vers d\u2019autres sites que nous n\u2019exploitons pas. Nous ne pouvons en aucune mani\u00e8re \u00eatre tenus responsables de la mise \u00e0 disposition de ces liens permettant l\u2019acc\u00e8s \u00e0 ces sites et sources externes, et ne pouvons supporter aucune responsabilit\u00e9 quant au contenu, publicit\u00e9s, produits, services ou tout autre mat\u00e9riel disponible sur ou a partir de ces sites ou sources externes qui ne sont ni v\u00e9rifi\u00e9es ni approuv\u00e9es par nos \u00e9quipes.<\/p>\n<p><strong>Utilisation de cookies<\/strong>\u00a0: Un cookie est un petit fichier de donn\u00e9es stock\u00e9es dans la partie \u00ab\u00a0hardware\u00a0\u00bb de l\u2019ordinateur de l\u2019utilisateur et qui peut contenir des informations sur cet utilisateur. Nous utilisons des cookies, mais nous ne stockons pas d\u2019informations personnelles dans nos cookies. Nous utilisons ces cookies pour savoir quand vous vous connectez \u00e0 notre site et quelles sortes d\u2019informations vous int\u00e9ressent.[\/vc_column_text][\/vc_column][\/vc_row][vc_row type=&#8221;full_width_background&#8221; full_screen_row_position=&#8221;middle&#8221; column_margin=&#8221;default&#8221; bg_color=&#8221;#17faba&#8221; scene_position=&#8221;center&#8221; text_color=&#8221;dark&#8221; text_align=&#8221;left&#8221; top_padding=&#8221;5%&#8221; bottom_padding=&#8221;7%&#8221; id=&#8221;credits&#8221; overlay_strength=&#8221;0.3&#8243; shape_divider_position=&#8221;bottom&#8221; bg_image_animation=&#8221;none&#8221; exclude_row_header_color_inherit=&#8221;true&#8221; thb_divider_position=&#8221;bottom&#8221; css=&#8221;.vc_custom_1581338399741{padding-top: 10vh !important;}&#8221; shape_type=&#8221;&#8221;][vc_column column_padding=&#8221;no-extra-padding&#8221; column_padding_position=&#8221;all&#8221; background_color_opacity=&#8221;1&#8243; background_hover_color_opacity=&#8221;1&#8243; font_color=&#8221;#001f3d&#8221; column_link_target=&#8221;_self&#8221; column_shadow=&#8221;none&#8221; column_border_radius=&#8221;none&#8221; width=&#8221;1\/1&#8243; tablet_width_inherit=&#8221;default&#8221; tablet_text_alignment=&#8221;default&#8221; phone_text_alignment=&#8221;default&#8221; overlay_strength=&#8221;0.3&#8243; column_border_width=&#8221;none&#8221; column_border_style=&#8221;solid&#8221; bg_image_animation=&#8221;none&#8221;][vc_column_text css=&#8221;.vc_custom_1582199090574{padding-bottom: 20px !important;}&#8221;]\n<h2>Credits<\/h2>\n[\/vc_column_text][vc_column_text]\n<h4>Branding &amp; Webdesign :\u00a0<a href=\"https:\/\/yoannsirvin.com\" target=\"_blank\" rel=\"noopener noreferrer\">Yoann Sirvin<\/a><\/h4>\n<h4>Editorial : <a href=\"http:\/\/derivasson.com\/\" target=\"_blank\" rel=\"noopener noreferrer\">Antoine de Rivasson<\/a><\/h4>\n<h4><strong>Motion design : <span class=\"qu\" tabindex=\"-1\" role=\"gridcell\"><span class=\"gD\" data-hovercard-id=\"togora.fafah@gmail.com\" data-hovercard-owner-id=\"141\">Fafah Togora<\/span><\/span><\/strong><\/h4>\n[\/vc_column_text][\/vc_column][\/vc_row]\n","protected":false},"excerpt":{"rendered":"<p>[vc_row type=&#8221;full_width_background&#8221; full_screen_row_position=&#8221;middle&#8221; column_margin=&#8221;default&#8221; bg_color=&#8221;#17faba&#8221; scene_position=&#8221;center&#8221; text_color=&#8221;dark&#8221; text_align=&#8221;left&#8221; overlay_strength=&#8221;0.3&#8243; shape_divider_position=&#8221;bottom&#8221; bg_image_animation=&#8221;none&#8221; exclude_row_header_color_inherit=&#8221;true&#8221; thb_divider_position=&#8221;bottom&#8221; css=&#8221;.vc_custom_1581338399741{padding-top: 10vh !important;}&#8221; shape_type=&#8221;&#8221;][vc_column column_padding=&#8221;no-extra-padding&#8221; column_padding_position=&#8221;all&#8221; background_color_opacity=&#8221;1&#8243; background_hover_color_opacity=&#8221;1&#8243; font_color=&#8221;#001f3d&#8221; column_link_target=&#8221;_self&#8221; column_shadow=&#8221;none&#8221; column_border_radius=&#8221;none&#8221; width=&#8221;1\/1&#8243; tablet_width_inherit=&#8221;default&#8221; tablet_text_alignment=&#8221;default&#8221; phone_text_alignment=&#8221;default&#8221; overlay_strength=&#8221;0.3&#8243;&#8230;<\/p>\n","protected":false},"author":1,"featured_media":0,"parent":0,"menu_order":0,"comment_status":"closed","ping_status":"closed","template":"","meta":{"footnotes":""},"class_list":["post-1033","page","type-page","status-publish"],"yoast_head":"<!-- This site is optimized with the Yoast SEO plugin v25.9 - https:\/\/yoast.com\/wordpress\/plugins\/seo\/ -->\n<title>Legal notice &#8212; Ooolala<\/title>\n<meta name=\"robots\" content=\"index, follow, max-snippet:-1, max-image-preview:large, max-video-preview:-1\" \/>\n<link rel=\"canonical\" href=\"https:\/\/ooolala.fr\/en\/legal-notice\/\" \/>\n<meta property=\"og:locale\" content=\"en_US\" \/>\n<meta property=\"og:type\" content=\"article\" \/>\n<meta property=\"og:title\" content=\"Legal notice &#8212; Ooolala\" \/>\n<meta property=\"og:description\" content=\"[vc_row type=&#8221;full_width_background&#8221; full_screen_row_position=&#8221;middle&#8221; column_margin=&#8221;default&#8221; bg_color=&#8221;#17faba&#8221; scene_position=&#8221;center&#8221; text_color=&#8221;dark&#8221; text_align=&#8221;left&#8221; overlay_strength=&#8221;0.3&#8243; shape_divider_position=&#8221;bottom&#8221; bg_image_animation=&#8221;none&#8221; exclude_row_header_color_inherit=&#8221;true&#8221; thb_divider_position=&#8221;bottom&#8221; css=&#8221;.vc_custom_1581338399741{padding-top: 10vh !important;}&#8221; shape_type=&#8221;&#8221;][vc_column column_padding=&#8221;no-extra-padding&#8221; column_padding_position=&#8221;all&#8221; background_color_opacity=&#8221;1&#8243; background_hover_color_opacity=&#8221;1&#8243; font_color=&#8221;#001f3d&#8221; column_link_target=&#8221;_self&#8221; column_shadow=&#8221;none&#8221; column_border_radius=&#8221;none&#8221; width=&#8221;1\/1&#8243; tablet_width_inherit=&#8221;default&#8221; tablet_text_alignment=&#8221;default&#8221; phone_text_alignment=&#8221;default&#8221; overlay_strength=&#8221;0.3&#8243;...\" \/>\n<meta property=\"og:url\" content=\"https:\/\/ooolala.fr\/en\/legal-notice\/\" \/>\n<meta property=\"og:site_name\" content=\"Ooolala\" \/>\n<meta property=\"article:modified_time\" content=\"2020-02-20T11:44:54+00:00\" \/>\n<meta name=\"twitter:card\" content=\"summary_large_image\" \/>\n<meta name=\"twitter:label1\" content=\"Est. reading time\" \/>\n\t<meta name=\"twitter:data1\" content=\"3 minutes\" \/>\n<script type=\"application\/ld+json\" class=\"yoast-schema-graph\">{\"@context\":\"https:\/\/schema.org\",\"@graph\":[{\"@type\":\"WebPage\",\"@id\":\"https:\/\/ooolala.fr\/en\/legal-notice\/\",\"url\":\"https:\/\/ooolala.fr\/en\/legal-notice\/\",\"name\":\"Legal notice &#8212; Ooolala\",\"isPartOf\":{\"@id\":\"https:\/\/ooolala.fr\/#website\"},\"datePublished\":\"2020-02-10T17:34:55+00:00\",\"dateModified\":\"2020-02-20T11:44:54+00:00\",\"breadcrumb\":{\"@id\":\"https:\/\/ooolala.fr\/en\/legal-notice\/#breadcrumb\"},\"inLanguage\":\"en-US\",\"potentialAction\":[{\"@type\":\"ReadAction\",\"target\":[\"https:\/\/ooolala.fr\/en\/legal-notice\/\"]}]},{\"@type\":\"BreadcrumbList\",\"@id\":\"https:\/\/ooolala.fr\/en\/legal-notice\/#breadcrumb\",\"itemListElement\":[{\"@type\":\"ListItem\",\"position\":1,\"name\":\"Accueil\",\"item\":\"https:\/\/ooolala.fr\/en\/\"},{\"@type\":\"ListItem\",\"position\":2,\"name\":\"Legal notice\"}]},{\"@type\":\"WebSite\",\"@id\":\"https:\/\/ooolala.fr\/#website\",\"url\":\"https:\/\/ooolala.fr\/\",\"name\":\"oOolala\",\"description\":\"Studio d&#039;animation 2d \u00e9co responsable\",\"publisher\":{\"@id\":\"https:\/\/ooolala.fr\/#organization\"},\"potentialAction\":[{\"@type\":\"SearchAction\",\"target\":{\"@type\":\"EntryPoint\",\"urlTemplate\":\"https:\/\/ooolala.fr\/?s={search_term_string}\"},\"query-input\":{\"@type\":\"PropertyValueSpecification\",\"valueRequired\":true,\"valueName\":\"search_term_string\"}}],\"inLanguage\":\"en-US\"},{\"@type\":\"Organization\",\"@id\":\"https:\/\/ooolala.fr\/#organization\",\"name\":\"OOOLALA\",\"url\":\"https:\/\/ooolala.fr\/\",\"logo\":{\"@type\":\"ImageObject\",\"inLanguage\":\"en-US\",\"@id\":\"https:\/\/ooolala.fr\/#\/schema\/logo\/image\/\",\"url\":\"https:\/\/ooolala.fr\/wp-content\/uploads\/2020\/02\/vert-retina.png\",\"contentUrl\":\"https:\/\/ooolala.fr\/wp-content\/uploads\/2020\/02\/vert-retina.png\",\"width\":801,\"height\":328,\"caption\":\"OOOLALA\"},\"image\":{\"@id\":\"https:\/\/ooolala.fr\/#\/schema\/logo\/image\/\"}}]}<\/script>\n<!-- \/ Yoast SEO plugin. -->","yoast_head_json":{"title":"Legal notice &#8212; Ooolala","robots":{"index":"index","follow":"follow","max-snippet":"max-snippet:-1","max-image-preview":"max-image-preview:large","max-video-preview":"max-video-preview:-1"},"canonical":"https:\/\/ooolala.fr\/en\/legal-notice\/","og_locale":"en_US","og_type":"article","og_title":"Legal notice &#8212; Ooolala","og_description":"[vc_row type=&#8221;full_width_background&#8221; full_screen_row_position=&#8221;middle&#8221; column_margin=&#8221;default&#8221; bg_color=&#8221;#17faba&#8221; scene_position=&#8221;center&#8221; text_color=&#8221;dark&#8221; text_align=&#8221;left&#8221; overlay_strength=&#8221;0.3&#8243; shape_divider_position=&#8221;bottom&#8221; bg_image_animation=&#8221;none&#8221; exclude_row_header_color_inherit=&#8221;true&#8221; thb_divider_position=&#8221;bottom&#8221; css=&#8221;.vc_custom_1581338399741{padding-top: 10vh !important;}&#8221; shape_type=&#8221;&#8221;][vc_column column_padding=&#8221;no-extra-padding&#8221; column_padding_position=&#8221;all&#8221; background_color_opacity=&#8221;1&#8243; background_hover_color_opacity=&#8221;1&#8243; font_color=&#8221;#001f3d&#8221; column_link_target=&#8221;_self&#8221; column_shadow=&#8221;none&#8221; column_border_radius=&#8221;none&#8221; width=&#8221;1\/1&#8243; tablet_width_inherit=&#8221;default&#8221; tablet_text_alignment=&#8221;default&#8221; phone_text_alignment=&#8221;default&#8221; overlay_strength=&#8221;0.3&#8243;...","og_url":"https:\/\/ooolala.fr\/en\/legal-notice\/","og_site_name":"Ooolala","article_modified_time":"2020-02-20T11:44:54+00:00","twitter_card":"summary_large_image","twitter_misc":{"Est. reading time":"3 minutes"},"schema":{"@context":"https:\/\/schema.org","@graph":[{"@type":"WebPage","@id":"https:\/\/ooolala.fr\/en\/legal-notice\/","url":"https:\/\/ooolala.fr\/en\/legal-notice\/","name":"Legal notice &#8212; Ooolala","isPartOf":{"@id":"https:\/\/ooolala.fr\/#website"},"datePublished":"2020-02-10T17:34:55+00:00","dateModified":"2020-02-20T11:44:54+00:00","breadcrumb":{"@id":"https:\/\/ooolala.fr\/en\/legal-notice\/#breadcrumb"},"inLanguage":"en-US","potentialAction":[{"@type":"ReadAction","target":["https:\/\/ooolala.fr\/en\/legal-notice\/"]}]},{"@type":"BreadcrumbList","@id":"https:\/\/ooolala.fr\/en\/legal-notice\/#breadcrumb","itemListElement":[{"@type":"ListItem","position":1,"name":"Accueil","item":"https:\/\/ooolala.fr\/en\/"},{"@type":"ListItem","position":2,"name":"Legal notice"}]},{"@type":"WebSite","@id":"https:\/\/ooolala.fr\/#website","url":"https:\/\/ooolala.fr\/","name":"oOolala","description":"Studio d&#039;animation 2d \u00e9co responsable","publisher":{"@id":"https:\/\/ooolala.fr\/#organization"},"potentialAction":[{"@type":"SearchAction","target":{"@type":"EntryPoint","urlTemplate":"https:\/\/ooolala.fr\/?s={search_term_string}"},"query-input":{"@type":"PropertyValueSpecification","valueRequired":true,"valueName":"search_term_string"}}],"inLanguage":"en-US"},{"@type":"Organization","@id":"https:\/\/ooolala.fr\/#organization","name":"OOOLALA","url":"https:\/\/ooolala.fr\/","logo":{"@type":"ImageObject","inLanguage":"en-US","@id":"https:\/\/ooolala.fr\/#\/schema\/logo\/image\/","url":"https:\/\/ooolala.fr\/wp-content\/uploads\/2020\/02\/vert-retina.png","contentUrl":"https:\/\/ooolala.fr\/wp-content\/uploads\/2020\/02\/vert-retina.png","width":801,"height":328,"caption":"OOOLALA"},"image":{"@id":"https:\/\/ooolala.fr\/#\/schema\/logo\/image\/"}}]}},"_links":{"self":[{"href":"https:\/\/ooolala.fr\/en\/wp-json\/wp\/v2\/pages\/1033","targetHints":{"allow":["GET"]}}],"collection":[{"href":"https:\/\/ooolala.fr\/en\/wp-json\/wp\/v2\/pages"}],"about":[{"href":"https:\/\/ooolala.fr\/en\/wp-json\/wp\/v2\/types\/page"}],"author":[{"embeddable":true,"href":"https:\/\/ooolala.fr\/en\/wp-json\/wp\/v2\/users\/1"}],"replies":[{"embeddable":true,"href":"https:\/\/ooolala.fr\/en\/wp-json\/wp\/v2\/comments?post=1033"}],"version-history":[{"count":11,"href":"https:\/\/ooolala.fr\/en\/wp-json\/wp\/v2\/pages\/1033\/revisions"}],"predecessor-version":[{"id":1120,"href":"https:\/\/ooolala.fr\/en\/wp-json\/wp\/v2\/pages\/1033\/revisions\/1120"}],"wp:attachment":[{"href":"https:\/\/ooolala.fr\/en\/wp-json\/wp\/v2\/media?parent=1033"}],"curies":[{"name":"wp","href":"https:\/\/api.w.org\/{rel}","templated":true}]}}